{"id":3690,"date":"2025-10-02T07:06:37","date_gmt":"2025-10-02T07:06:37","guid":{"rendered":"https:\/\/new.africastexpo.com\/?page_id=3690"},"modified":"2025-10-05T22:52:18","modified_gmt":"2025-10-05T22:52:18","slug":"africast-in-detail","status":"publish","type":"page","link":"https:\/\/new.africastexpo.com\/pt\/africast-in-detail\/","title":{"rendered":"Africast in Detail"},"content":{"rendered":"<div data-elementor-type=\"wp-page\" data-elementor-id=\"3690\" class=\"elementor elementor-3690\" data-elementor-post-type=\"page\">\n\t\t\t\t<div class=\"elementor-element elementor-element-59c37a38 e-flex e-con-boxed rt-default-class e-con e-parent\" data-id=\"59c37a38\" data-element_type=\"container\" data-e-type=\"container\" data-settings=\"{&quot;background_background&quot;:&quot;classic&quot;}\">\n\t\t\t\t\t<div class=\"e-con-inner\">\n\t\t<div class=\"elementor-element elementor-element-55da7bb7 e-con-full e-flex rt-default-class e-con e-child\" data-id=\"55da7bb7\" data-element_type=\"container\" data-e-type=\"container\">\n\t\t\t\t<div class=\"elementor-element elementor-element-7f395e87 elementor-invisible elementor-widget elementor-widget-elementskit-heading\" data-id=\"7f395e87\" data-element_type=\"widget\" data-e-type=\"widget\" data-settings=\"{&quot;_animation&quot;:&quot;fadeInUp&quot;}\" data-widget_type=\"elementskit-heading.default\">\n\t\t\t\t\t<div class=\"ekit-wid-con\" ><div class=\"ekit-heading elementskit-section-title-wraper text_center   ekit_heading_tablet-   ekit_heading_mobile-\"><h1 class=\"ekit-heading--title elementskit-section-title text_fill\">O Futuro da \u00c1frica <span><span>Radiodifus\u00e3o<\/span><\/span><\/h1><\/div><\/div>\t\t\t\t<\/div>\n\t\t\t\t<div class=\"elementor-element elementor-element-265adcda elementor-icon-list--layout-inline elementor-align-center elementor-list-item-link-full_width elementor-widget elementor-widget-icon-list\" data-id=\"265adcda\" data-element_type=\"widget\" data-e-type=\"widget\" data-widget_type=\"icon-list.default\">\n\t\t\t\t\t\t\t<ul class=\"elementor-icon-list-items elementor-inline-items\">\n\t\t\t\t\t\t\t<li class=\"elementor-icon-list-item elementor-inline-item\">\n\t\t\t\t\t\t\t\t\t\t<span class=\"elementor-icon-list-text\">Lar<\/span>\n\t\t\t\t\t\t\t\t\t<\/li>\n\t\t\t\t\t\t\t\t<li class=\"elementor-icon-list-item elementor-inline-item\">\n\t\t\t\t\t\t\t\t\t\t\t<span class=\"elementor-icon-list-icon\">\n\t\t\t\t\t\t\t<svg aria-hidden=\"true\" class=\"e-font-icon-svg e-fas-angle-right\" viewbox=\"0 0 256 512\" xmlns=\"http:\/\/www.w3.org\/2000\/svg\"><path d=\"M224.3 273l-136 136c-9.4 9.4-24.6 9.4-33.9 0l-22.6-22.6c-9.4-9.4-9.4-24.6 0-33.9l96.4-96.4-96.4-96.4c-9.4-9.4-9.4-24.6 0-33.9L54.3 103c9.4-9.4 24.6-9.4 33.9 0l136 136c9.5 9.4 9.5 24.6.1 34z\"><\/path><\/svg>\t\t\t\t\t\t<\/span>\n\t\t\t\t\t\t\t\t\t\t<span class=\"elementor-icon-list-text\">Lista de eventos<\/span>\n\t\t\t\t\t\t\t\t\t<\/li>\n\t\t\t\t\t\t\t\t<li class=\"elementor-icon-list-item elementor-inline-item\">\n\t\t\t\t\t\t\t\t\t\t\t<span class=\"elementor-icon-list-icon\">\n\t\t\t\t\t\t\t<svg aria-hidden=\"true\" class=\"e-font-icon-svg e-fas-angle-right\" viewbox=\"0 0 256 512\" xmlns=\"http:\/\/www.w3.org\/2000\/svg\"><path d=\"M224.3 273l-136 136c-9.4 9.4-24.6 9.4-33.9 0l-22.6-22.6c-9.4-9.4-9.4-24.6 0-33.9l96.4-96.4-96.4-96.4c-9.4-9.4-9.4-24.6 0-33.9L54.3 103c9.4-9.4 24.6-9.4 33.9 0l136 136c9.5 9.4 9.5 24.6.1 34z\"><\/path><\/svg>\t\t\t\t\t\t<\/span>\n\t\t\t\t\t\t\t\t\t\t<span class=\"elementor-icon-list-text\">O futuro da inova\u00e7\u00e3o tecnol\u00f3gica<\/span>\n\t\t\t\t\t\t\t\t\t<\/li>\n\t\t\t\t\t\t<\/ul>\n\t\t\t\t\t\t<\/div>\n\t\t\t\t<\/div>\n\t\t\t\t\t<\/div>\n\t\t\t\t<\/div>\n\t\t<div class=\"elementor-element elementor-element-5e45605f e-flex e-con-boxed rt-default-class e-con e-parent\" data-id=\"5e45605f\" data-element_type=\"container\" data-e-type=\"container\">\n\t\t\t\t\t<div class=\"e-con-inner\">\n\t\t<div class=\"elementor-element elementor-element-3bb5e05e e-con-full e-flex rt-default-class e-con e-child\" data-id=\"3bb5e05e\" data-element_type=\"container\" data-e-type=\"container\">\n\t\t<div class=\"elementor-element elementor-element-6ba5541f e-con-full e-flex rt-default-class e-con e-child\" data-id=\"6ba5541f\" data-element_type=\"container\" data-e-type=\"container\" data-settings=\"{&quot;background_background&quot;:&quot;classic&quot;}\">\n\t\t\t\t<div class=\"elementor-element elementor-element-79a05fca elementor-widget elementor-widget-elementskit-video\" data-id=\"79a05fca\" data-element_type=\"widget\" data-e-type=\"widget\" data-widget_type=\"elementskit-video.default\">\n\t\t\t\t<div class=\"elementor-widget-container\">\n\t\t\t\t\t<div class=\"ekit-wid-con\" >\t\t<div class=\"video-content\" data-video-player=\"[]\" data-video-setting=\"{&quot;videoVolume&quot;:&quot;horizontal&quot;,&quot;startVolume&quot;:0.8,&quot;videoType&quot;:&quot;iframe&quot;,&quot;videoClass&quot;:&quot;mfp-fade&quot;,&quot;videoStyle&quot;:&quot;popup&quot;,&quot;videoTypeName&quot;:&quot;youtube&quot;,&quot;autoplay&quot;:false,&quot;muted&quot;:false,&quot;loop&quot;:false}\">\n\t\t\t\n<a class=\"ekit_icon_button glow-ripple ekit-video-popup ekit-video-popup-btn\" href=\"?playlist=&amp;mute=0&amp;autoplay=0&amp;loop=no&amp;controls=0&amp;start=0&amp;end=\" aria-label=\"v\u00eddeo-pop-up\">\n\t\t\t\t<i aria-hidden=\"true\" class=\"icon icon-play\"><\/i>\t\t\n\t\t\t<\/a>\n\t\t\t\t\t\t\t<div class=\"ekit-hidden-icons\" hidden aria-hidden=\"true\">\n\t\t\t\t\t<i class=\"ekit-popup-close-icon icon icon-cancel\"><\/i>\t\t\t\t<\/div>\n\t\t<\/div>\n\t\t<\/div>\t\t\t\t<\/div>\n\t\t\t\t<\/div>\n\t\t\t\t<\/div>\n\t\t\t\t<div class=\"elementor-element elementor-element-2e1bb7e2 elementor-widget elementor-widget-heading\" data-id=\"2e1bb7e2\" data-element_type=\"widget\" data-e-type=\"widget\" data-widget_type=\"heading.default\">\n\t\t\t\t\t<h3 class=\"elementor-heading-title elementor-size-default\">Sobre Africast<\/h3>\t\t\t\t<\/div>\n\t\t\t\t<div class=\"elementor-element elementor-element-6f758ba0 elementor-widget elementor-widget-text-editor\" data-id=\"6f758ba0\" data-element_type=\"widget\" data-e-type=\"widget\" data-widget_type=\"text-editor.default\">\n\t\t\t\t\t\t\t\t\t<p><strong>Sobre Africast<\/strong><\/p><p>O principal evento de transmiss\u00e3o e m\u00eddia da \u00c1frica<\/p><p>A Africast foi fundada em 1996 pela Comiss\u00e3o Nacional de Radiodifus\u00e3o (NBC) da Nig\u00e9ria como uma plataforma vision\u00e1ria para unir a ind\u00fastria de radiodifus\u00e3o africana. De seu humilde in\u00edcio em Abuja, a Africast cresceu e se tornou a maior e mais influente confer\u00eancia e exposi\u00e7\u00e3o de radiodifus\u00e3o do continente, realizada bienalmente e atraindo participa\u00e7\u00e3o global.<\/p><p><strong>\u00a0Uma plataforma para o progresso<\/strong><\/p><p>A Africast nasceu da necessidade de abordar os desafios espec\u00edficos da radiodifus\u00e3o na \u00c1frica \u2014 desde as lacunas de infraestrutura at\u00e9 o desenvolvimento de conte\u00fado e a reforma regulat\u00f3ria. Rapidamente se tornou um centro para:<\/p><ul><li>Troca de conhecimento entre radiodifusores, reguladores e profissionais de m\u00eddia<\/li><li>Exposi\u00e7\u00f5es de tecnologia que apresentam inova\u00e7\u00f5es em produ\u00e7\u00e3o, transmiss\u00e3o e m\u00eddia digital<\/li><li>O di\u00e1logo pol\u00edtico molda o futuro da radiodifus\u00e3o africana<\/li><\/ul><p>Ao longo dos anos, o Africast recebeu delegados de mais de 30 pa\u00edses, incluindo l\u00edderes da ind\u00fastria, engenheiros, acad\u00eamicos e profissionais criativos. Seus temas refletem a evolu\u00e7\u00e3o do cen\u00e1rio midi\u00e1tico africano \u2014 da digitaliza\u00e7\u00e3o e converg\u00eancia \u00e0 sustentabilidade e sinergia de mercado.<\/p><p><strong>Temas Passados: Um Legado de Conversas Perspicazes (1996\u20132025)<\/strong><\/p><p>Desde a sua cria\u00e7\u00e3o, a Africast explora as din\u00e2micas de mudan\u00e7a da radiodifus\u00e3o em toda a \u00c1frica. Cada edi\u00e7\u00e3o reflete as prioridades midi\u00e1ticas, as transi\u00e7\u00f5es tecnol\u00f3gicas e as aspira\u00e7\u00f5es criativas do continente.<\/p><p><strong>Temas da Confer\u00eancia Africast por ano (1996\u20132025)<\/strong><\/p><p>1996 \u2014 Desregulamenta\u00e7\u00e3o da radiodifus\u00e3o em \u00c1frica\u00a0<\/p><p>1998 \u2014 O desafio digital da \u00c1frica: radiodifus\u00e3o para o desenvolvimento\u00a0<\/p><p>2000 \u2014 Novas Fronteiras para a Ind\u00fastria de Radiodifus\u00e3o da \u00c1frica\u00a0<\/p><p>2002 \u2014 Radiodifus\u00e3o Digital: A Perspectiva Africana\u00a0<\/p><p>2004 \u2014 Expandindo as Fronteiras da Radiodifus\u00e3o Digital: Desafios e Oportunidades\u00a0<\/p><p>2006 \u2014 Conte\u00fado: O Futuro da Radiodifus\u00e3o em \u00c1frica\u00a0<\/p><p>2008 \u2014 Digitaliza\u00e7\u00e3o e os desafios da converg\u00eancia para as emissoras africanas\u00a0<\/p><p>2010 \u2014 \u00c1frica em Transi\u00e7\u00e3o Digital: Op\u00e7\u00f5es e Perspectivas\u00a0<\/p><p>2012 \u2014 O conte\u00fado \u00e9 demais!\u00a0<\/p><p>2014 \u2014 Conte\u00fado de transmiss\u00e3o digital: produ\u00e7\u00e3o, terceiriza\u00e7\u00e3o e entrega\u00a0<\/p><p>2016 \u2014 Radiodifus\u00e3o Digital Terrestre: Financiando Conte\u00fado de Qualidade\u00a0<\/p><p>2018 \u2014 A din\u00e2mica da radiodifus\u00e3o na era digital: compartilhamento de conhecimento e oportunidades de networking\u00a0<\/p><p>2020 \u2014 \u274c Cancelado devido \u00e0 pandemia de COVID-19\u00a0<\/p><p>2023 \u2014 Conte\u00fado de Transmiss\u00e3o: Sinergia, Finan\u00e7as e Mercado\u00a0<\/p><p>2025 \u2014 Navegando na onda digital: construindo um ecossistema de m\u00eddia africano resiliente para o futuro<\/p><p><strong>Africast 2025: Uma Nova Era<\/strong><\/p><p>\u00a0Enquanto o Africast se prepara para sua pr\u00f3xima edi\u00e7\u00e3o em outubro de 2025, o tema \u201cNavegando na Onda Digital: Construindo um Ecossistema de M\u00eddia Africano Resiliente para o Futuro\u201d reflete a urg\u00eancia da adapta\u00e7\u00e3o \u00e0 IA, ao streaming e \u00e0 disrup\u00e7\u00e3o digital. O Africast 2025 est\u00e1 pronto para liderar a transforma\u00e7\u00e3o da m\u00eddia na \u00c1frica.<\/p>\t\t\t\t\t\t\t\t<\/div>\n\t\t\t\t<\/div>\n\t\t<div class=\"elementor-element elementor-element-3bc32f10 e-con-full e-flex rt-default-class e-con e-child\" data-id=\"3bc32f10\" data-element_type=\"container\" data-e-type=\"container\">\n\t\t<div class=\"elementor-element elementor-element-6668f3bd e-con-full e-flex rt-default-class e-con e-child\" data-id=\"6668f3bd\" data-element_type=\"container\" data-e-type=\"container\">\n\t\t<div class=\"elementor-element elementor-element-281372d8 e-con-full e-flex rt-default-class e-con e-child\" data-id=\"281372d8\" data-element_type=\"container\" data-e-type=\"container\" data-settings=\"{&quot;background_background&quot;:&quot;gradient&quot;}\">\n\t\t\t\t<div class=\"elementor-element elementor-element-369887a7 elementor-widget elementor-widget-heading\" data-id=\"369887a7\" data-element_type=\"widget\" data-e-type=\"widget\" data-widget_type=\"heading.default\">\n\t\t\t\t\t<h3 class=\"elementor-heading-title elementor-size-default\">Palestrantes do evento<\/h3>\t\t\t\t<\/div>\n\t\t<div class=\"elementor-element elementor-element-187b6039 e-con-full e-flex rt-default-class e-con e-child\" data-id=\"187b6039\" data-element_type=\"container\" data-e-type=\"container\">\n\t\t<div class=\"elementor-element elementor-element-1b51b390 e-con-full animated-slow e-flex rt-default-class elementor-invisible e-con e-child\" data-id=\"1b51b390\" data-element_type=\"container\" data-e-type=\"container\" data-settings=\"{&quot;background_background&quot;:&quot;classic&quot;,&quot;animation&quot;:&quot;fadeIn&quot;}\">\n\t\t\t\t<div class=\"elementor-element elementor-element-7e2d8a70 elementor-widget elementor-widget-image\" data-id=\"7e2d8a70\" data-element_type=\"widget\" data-e-type=\"widget\" data-widget_type=\"image.default\">\n\t\t\t\t\t\t\t\t\t\t\t\t\t\t\t<img fetchpriority=\"high\" decoding=\"async\" width=\"500\" height=\"500\" src=\"https:\/\/new.africastexpo.com\/wp-content\/uploads\/2025\/10\/dg-nbc-trimmed.png\" class=\"attachment-large size-large wp-image-3721\" alt=\"\" srcset=\"https:\/\/new.africastexpo.com\/wp-content\/uploads\/2025\/10\/dg-nbc-trimmed.png 500w, https:\/\/new.africastexpo.com\/wp-content\/uploads\/2025\/10\/dg-nbc-trimmed-300x300.png 300w, https:\/\/new.africastexpo.com\/wp-content\/uploads\/2025\/10\/dg-nbc-trimmed-150x150.png 150w, https:\/\/new.africastexpo.com\/wp-content\/uploads\/2025\/10\/dg-nbc-trimmed-12x12.png 12w, https:\/\/new.africastexpo.com\/wp-content\/uploads\/2025\/10\/dg-nbc-trimmed-87x87.png 87w, https:\/\/new.africastexpo.com\/wp-content\/uploads\/2025\/10\/dg-nbc-trimmed-100x100.png 100w\" sizes=\"(max-width: 500px) 100vw, 500px\" \/>\t\t\t\t\t\t\t\t\t\t\t\t\t\t\t<\/div>\n\t\t<div class=\"elementor-element elementor-element-591c5e13 e-con-full e-flex rt-default-class e-con e-child\" data-id=\"591c5e13\" data-element_type=\"container\" data-e-type=\"container\" data-settings=\"{&quot;background_background&quot;:&quot;classic&quot;}\">\n\t\t\t\t<div class=\"elementor-element elementor-element-80f99d5 elementor-widget elementor-widget-heading\" data-id=\"80f99d5\" data-element_type=\"widget\" data-e-type=\"widget\" data-widget_type=\"heading.default\">\n\t\t\t\t\t<h4 class=\"elementor-heading-title elementor-size-default\">Carlos Ebuebu<\/h4>\t\t\t\t<\/div>\n\t\t\t\t<div class=\"elementor-element elementor-element-1d932b7f elementor-widget elementor-widget-heading\" data-id=\"1d932b7f\" data-element_type=\"widget\" data-e-type=\"widget\" data-widget_type=\"heading.default\">\n\t\t\t\t\t<span class=\"elementor-heading-title elementor-size-default\">Diretor Geral, NBC<\/span>\t\t\t\t<\/div>\n\t\t\t\t<div class=\"elementor-element elementor-element-250ce586 elementor-widget elementor-widget-spacer\" data-id=\"250ce586\" data-element_type=\"widget\" data-e-type=\"widget\" data-widget_type=\"spacer.default\">\n\t\t\t\t\t\t\t<div class=\"elementor-spacer\">\n\t\t\t<div class=\"elementor-spacer-inner\"><\/div>\n\t\t<\/div>\n\t\t\t\t\t\t<\/div>\n\t\t\t\t<div class=\"elementor-element elementor-element-8d50413 elementor-shape-square elementor-grid-0 e-grid-align-center elementor-widget elementor-widget-social-icons\" data-id=\"8d50413\" data-element_type=\"widget\" data-e-type=\"widget\" data-widget_type=\"social-icons.default\">\n\t\t\t\t\t\t\t<div class=\"elementor-social-icons-wrapper elementor-grid\" role=\"list\">\n\t\t\t\t\t\t\t<span class=\"elementor-grid-item\" role=\"listitem\">\n\t\t\t\t\t<a class=\"elementor-icon elementor-social-icon elementor-social-icon-facebook-f elementor-repeater-item-6153191\" target=\"_blank\">\n\t\t\t\t\t\t<span class=\"elementor-screen-only\">Facebook-f<\/span>\n\t\t\t\t\t\t<svg aria-hidden=\"true\" class=\"e-font-icon-svg e-fab-facebook-f\" viewbox=\"0 0 320 512\" xmlns=\"http:\/\/www.w3.org\/2000\/svg\"><path d=\"M279.14 288l14.22-92.66h-88.91v-60.13c0-25.35 12.42-50.06 52.24-50.06h40.42V6.26S260.43 0 225.36 0c-73.22 0-121.08 44.38-121.08 124.72v70.62H22.89V288h81.39v224h100.17V288z\"><\/path><\/svg>\t\t\t\t\t<\/a>\n\t\t\t\t<\/span>\n\t\t\t\t\t\t\t<span class=\"elementor-grid-item\" role=\"listitem\">\n\t\t\t\t\t<a class=\"elementor-icon elementor-social-icon elementor-social-icon-x-twitter elementor-repeater-item-773e5fe\" target=\"_blank\">\n\t\t\t\t\t\t<span class=\"elementor-screen-only\">X-twitter<\/span>\n\t\t\t\t\t\t<svg aria-hidden=\"true\" class=\"e-font-icon-svg e-fab-x-twitter\" viewbox=\"0 0 512 512\" xmlns=\"http:\/\/www.w3.org\/2000\/svg\"><path d=\"M389.2 48h70.6L305.6 224.2 487 464H345L233.7 318.6 106.5 464H35.8L200.7 275.5 26.8 48H172.4L272.9 180.9 389.2 48zM364.4 421.8h39.1L151.1 88h-42L364.4 421.8z\"><\/path><\/svg>\t\t\t\t\t<\/a>\n\t\t\t\t<\/span>\n\t\t\t\t\t\t\t<span class=\"elementor-grid-item\" role=\"listitem\">\n\t\t\t\t\t<a class=\"elementor-icon elementor-social-icon elementor-social-icon-linkedin-in elementor-repeater-item-ab64c77\" target=\"_blank\">\n\t\t\t\t\t\t<span class=\"elementor-screen-only\">Linkedin-in<\/span>\n\t\t\t\t\t\t<svg aria-hidden=\"true\" class=\"e-font-icon-svg e-fab-linkedin-in\" viewbox=\"0 0 448 512\" xmlns=\"http:\/\/www.w3.org\/2000\/svg\"><path d=\"M100.28 448H7.4V148.9h92.88zM53.79 108.1C24.09 108.1 0 83.5 0 53.8a53.79 53.79 0 0 1 107.58 0c0 29.7-24.1 54.3-53.79 54.3zM447.9 448h-92.68V302.4c0-34.7-.7-79.2-48.29-79.2-48.29 0-55.69 37.7-55.69 76.7V448h-92.78V148.9h89.08v40.8h1.3c12.4-23.5 42.69-48.3 87.88-48.3 94 0 111.28 61.9 111.28 142.3V448z\"><\/path><\/svg>\t\t\t\t\t<\/a>\n\t\t\t\t<\/span>\n\t\t\t\t\t\t\t<span class=\"elementor-grid-item\" role=\"listitem\">\n\t\t\t\t\t<a class=\"elementor-icon elementor-social-icon elementor-social-icon-behance elementor-repeater-item-b523a81\" target=\"_blank\">\n\t\t\t\t\t\t<span class=\"elementor-screen-only\">Behance<\/span>\n\t\t\t\t\t\t<svg aria-hidden=\"true\" class=\"e-font-icon-svg e-fab-behance\" viewbox=\"0 0 576 512\" xmlns=\"http:\/\/www.w3.org\/2000\/svg\"><path d=\"M232 237.2c31.8-15.2 48.4-38.2 48.4-74 0-70.6-52.6-87.8-113.3-87.8H0v354.4h171.8c64.4 0 124.9-30.9 124.9-102.9 0-44.5-21.1-77.4-64.7-89.7zM77.9 135.9H151c28.1 0 53.4 7.9 53.4 40.5 0 30.1-19.7 42.2-47.5 42.2h-79v-82.7zm83.3 233.7H77.9V272h84.9c34.3 0 56 14.3 56 50.6 0 35.8-25.9 47-57.6 47zm358.5-240.7H376V94h143.7v34.9zM576 305.2c0-75.9-44.4-139.2-124.9-139.2-78.2 0-131.3 58.8-131.3 135.8 0 79.9 50.3 134.7 131.3 134.7 61.3 0 101-27.6 120.1-86.3H509c-6.7 21.9-34.3 33.5-55.7 33.5-41.3 0-63-24.2-63-65.3h185.1c.3-4.2.6-8.7.6-13.2zM390.4 274c2.3-33.7 24.7-54.8 58.5-54.8 35.4 0 53.2 20.8 56.2 54.8H390.4z\"><\/path><\/svg>\t\t\t\t\t<\/a>\n\t\t\t\t<\/span>\n\t\t\t\t\t\t\t<span class=\"elementor-grid-item\" role=\"listitem\">\n\t\t\t\t\t<a class=\"elementor-icon elementor-social-icon elementor-social-icon-pinterest-p elementor-repeater-item-77c4556\" target=\"_blank\">\n\t\t\t\t\t\t<span class=\"elementor-screen-only\">Pinterest-p<\/span>\n\t\t\t\t\t\t<svg aria-hidden=\"true\" class=\"e-font-icon-svg e-fab-pinterest-p\" viewbox=\"0 0 384 512\" xmlns=\"http:\/\/www.w3.org\/2000\/svg\"><path d=\"M204 6.5C101.4 6.5 0 74.9 0 185.6 0 256 39.6 296 63.6 296c9.9 0 15.6-27.6 15.6-35.4 0-9.3-23.7-29.1-23.7-67.8 0-80.4 61.2-137.4 140.4-137.4 68.1 0 118.5 38.7 118.5 109.8 0 53.1-21.3 152.7-90.3 152.7-24.9 0-46.2-18-46.2-43.8 0-37.8 26.4-74.4 26.4-113.4 0-66.2-93.9-54.2-93.9 25.8 0 16.8 2.1 35.4 9.6 50.7-13.8 59.4-42 147.9-42 209.1 0 18.9 2.7 37.5 4.5 56.4 3.4 3.8 1.7 3.4 6.9 1.5 50.4-69 48.6-82.5 71.4-172.8 12.3 23.4 44.1 36 69.3 36 106.2 0 153.9-103.5 153.9-196.8C384 71.3 298.2 6.5 204 6.5z\"><\/path><\/svg>\t\t\t\t\t<\/a>\n\t\t\t\t<\/span>\n\t\t\t\t\t<\/div>\n\t\t\t\t\t\t<\/div>\n\t\t\t\t<\/div>\n\t\t\t\t<\/div>\n\t\t\t\t<\/div>\n\t\t\t\t<\/div>\n\t\t\t\t<\/div>\n\t\t<div class=\"elementor-element elementor-element-6b59fdb0 e-con-full e-flex rt-default-class e-con e-child\" data-id=\"6b59fdb0\" data-element_type=\"container\" data-e-type=\"container\">\n\t\t<div class=\"elementor-element elementor-element-2fba3877 e-con-full e-flex rt-default-class elementor-invisible e-con e-child\" data-id=\"2fba3877\" data-element_type=\"container\" data-e-type=\"container\" data-settings=\"{&quot;background_background&quot;:&quot;gradient&quot;,&quot;animation&quot;:&quot;fadeInRight&quot;}\">\n\t\t\t\t<div class=\"elementor-element elementor-element-700e579d elementor-widget elementor-widget-heading\" data-id=\"700e579d\" data-element_type=\"widget\" data-e-type=\"widget\" data-widget_type=\"heading.default\">\n\t\t\t\t\t<h3 class=\"elementor-heading-title elementor-size-default\">Informa\u00e7\u00f5es do evento<\/h3>\t\t\t\t<\/div>\n\t\t\t\t<div class=\"elementor-element elementor-element-23a88a9c elementor-position-inline-end elementor-mobile-position-inline-end elementor-view-default elementor-widget elementor-widget-icon-box\" data-id=\"23a88a9c\" data-element_type=\"widget\" data-e-type=\"widget\" data-widget_type=\"icon-box.default\">\n\t\t\t\t\t\t\t<div class=\"elementor-icon-box-wrapper\">\n\n\t\t\t\t\t\t<div class=\"elementor-icon-box-icon\">\n\t\t\t\t<span  class=\"elementor-icon\">\n\t\t\t\t<svg aria-hidden=\"true\" class=\"e-font-icon-svg e-far-calendar-check\" viewbox=\"0 0 448 512\" xmlns=\"http:\/\/www.w3.org\/2000\/svg\"><path d=\"M400 64h-48V12c0-6.627-5.373-12-12-12h-40c-6.627 0-12 5.373-12 12v52H160V12c0-6.627-5.373-12-12-12h-40c-6.627 0-12 5.373-12 12v52H48C21.49 64 0 85.49 0 112v352c0 26.51 21.49 48 48 48h352c26.51 0 48-21.49 48-48V112c0-26.51-21.49-48-48-48zm-6 400H54a6 6 0 0 1-6-6V160h352v298a6 6 0 0 1-6 6zm-52.849-200.65L198.842 404.519c-4.705 4.667-12.303 4.637-16.971-.068l-75.091-75.699c-4.667-4.705-4.637-12.303.068-16.971l22.719-22.536c4.705-4.667 12.303-4.637 16.97.069l44.104 44.461 111.072-110.181c4.705-4.667 12.303-4.637 16.971.068l22.536 22.718c4.667 4.705 4.636 12.303-.069 16.97z\"><\/path><\/svg>\t\t\t\t<\/span>\n\t\t\t<\/div>\n\t\t\t\n\t\t\t\t\t\t<div class=\"elementor-icon-box-content\">\n\n\t\t\t\t\t\t\t\t\t<h4 class=\"elementor-icon-box-title\">\n\t\t\t\t\t\t<span  >\n\t\t\t\t\t\t\tData\t\t\t\t\t\t<\/span>\n\t\t\t\t\t<\/h4>\n\t\t\t\t\n\t\t\t\t\t\t\t\t\t<p class=\"elementor-icon-box-description\">\n\t\t\t\t\t\t20 a 24 de outubro de 2025\t\t\t\t\t<\/p>\n\t\t\t\t\n\t\t\t<\/div>\n\t\t\t\n\t\t<\/div>\n\t\t\t\t\t\t<\/div>\n\t\t\t\t<div class=\"elementor-element elementor-element-489cd6ee elementor-position-inline-end elementor-mobile-position-inline-end elementor-view-default elementor-widget elementor-widget-icon-box\" data-id=\"489cd6ee\" data-element_type=\"widget\" data-e-type=\"widget\" data-widget_type=\"icon-box.default\">\n\t\t\t\t\t\t\t<div class=\"elementor-icon-box-wrapper\">\n\n\t\t\t\t\t\t<div class=\"elementor-icon-box-icon\">\n\t\t\t\t<span  class=\"elementor-icon\">\n\t\t\t\t<i aria-hidden=\"true\" class=\"jki jki-map-marker1-light\"><\/i>\t\t\t\t<\/span>\n\t\t\t<\/div>\n\t\t\t\n\t\t\t\t\t\t<div class=\"elementor-icon-box-content\">\n\n\t\t\t\t\t\t\t\t\t<h4 class=\"elementor-icon-box-title\">\n\t\t\t\t\t\t<span  >\n\t\t\t\t\t\t\tLocal do evento\t\t\t\t\t\t<\/span>\n\t\t\t\t\t<\/h4>\n\t\t\t\t\n\t\t\t\t\t\t\t\t\t<p class=\"elementor-icon-box-description\">\n\t\t\t\t\t\tCentro de Conven\u00e7\u00f5es Balmoral, Ikeja, Lagos\t\t\t\t\t<\/p>\n\t\t\t\t\n\t\t\t<\/div>\n\t\t\t\n\t\t<\/div>\n\t\t\t\t\t\t<\/div>\n\t\t\t\t<div class=\"elementor-element elementor-element-4c944705 elementor-position-inline-end elementor-mobile-position-inline-end elementor-view-default elementor-widget elementor-widget-icon-box\" data-id=\"4c944705\" data-element_type=\"widget\" data-e-type=\"widget\" data-widget_type=\"icon-box.default\">\n\t\t\t\t\t\t\t<div class=\"elementor-icon-box-wrapper\">\n\n\t\t\t\t\t\t<div class=\"elementor-icon-box-icon\">\n\t\t\t\t<span  class=\"elementor-icon\">\n\t\t\t\t<i aria-hidden=\"true\" class=\"jki jki-information-light\"><\/i>\t\t\t\t<\/span>\n\t\t\t<\/div>\n\t\t\t\n\t\t\t\t\t\t<div class=\"elementor-icon-box-content\">\n\n\t\t\t\t\t\t\t\t\t<h4 class=\"elementor-icon-box-title\">\n\t\t\t\t\t\t<span  >\n\t\t\t\t\t\t\tInforma\u00e7\u00f5es de contato\t\t\t\t\t\t<\/span>\n\t\t\t\t\t<\/h4>\n\t\t\t\t\n\t\t\t\t\t\t\t\t\t<p class=\"elementor-icon-box-description\">\n\t\t\t\t\t\t<p>Ant\u00eda: +234 803 592 1210 <p> Folake+234 806 578 5434 <p>\nAdeseun: 234 912 610 5557 <p>E-mail: info@nbc.gov.ng\t\t\t\t\t<\/p>\n\t\t\t\t\n\t\t\t<\/div>\n\t\t\t\n\t\t<\/div>\n\t\t\t\t\t\t<\/div>\n\t\t\t\t<\/div>\n\t\t\t\t<\/div>\n\t\t\t\t<\/div>\n\t\t\t\t\t<\/div>\n\t\t\t\t<\/div>\n\t\t\t\t<\/div>\n\t\t\n    <div class=\"xs_social_share_widget xs_share_url after_content \t\tmain_content  wslu-style-1 wslu-share-box-shaped wslu-fill-colored wslu-none wslu-share-horizontal wslu-theme-font-no wslu-main_content\">\n\n\t\t\n        <ul>\n\t\t\t        <\/ul>\n    <\/div>","protected":false},"excerpt":{"rendered":"<p>The Future of Africa&#8217;s Broadcasting Home Event List The Future of Tech Innovation About Africast About Africast Africa\u2019s Premier Broadcast and Media Event Africast was established in 1996 by the National Broadcasting Commission (NBC) of Nigeria as a visionary platform to unite Africa\u2019s broadcasting industry. From its humble beginnings in Abuja, Africast has grown into&#8230;<\/p>","protected":false},"author":7,"featured_media":0,"parent":0,"menu_order":0,"comment_status":"closed","ping_status":"closed","template":"elementor_header_footer","meta":{"_acf_changed":false,"footnotes":""},"class_list":["post-3690","page","type-page","status-publish","hentry"],"acf":[],"_links":{"self":[{"href":"https:\/\/new.africastexpo.com\/pt\/wp-json\/wp\/v2\/pages\/3690","targetHints":{"allow":["GET"]}}],"collection":[{"href":"https:\/\/new.africastexpo.com\/pt\/wp-json\/wp\/v2\/pages"}],"about":[{"href":"https:\/\/new.africastexpo.com\/pt\/wp-json\/wp\/v2\/types\/page"}],"author":[{"embeddable":true,"href":"https:\/\/new.africastexpo.com\/pt\/wp-json\/wp\/v2\/users\/7"}],"replies":[{"embeddable":true,"href":"https:\/\/new.africastexpo.com\/pt\/wp-json\/wp\/v2\/comments?post=3690"}],"version-history":[{"count":20,"href":"https:\/\/new.africastexpo.com\/pt\/wp-json\/wp\/v2\/pages\/3690\/revisions"}],"predecessor-version":[{"id":4292,"href":"https:\/\/new.africastexpo.com\/pt\/wp-json\/wp\/v2\/pages\/3690\/revisions\/4292"}],"wp:attachment":[{"href":"https:\/\/new.africastexpo.com\/pt\/wp-json\/wp\/v2\/media?parent=3690"}],"curies":[{"name":"wp","href":"https:\/\/api.w.org\/{rel}","templated":true}]}}